{"id":1253,"date":"2020-08-20T12:01:00","date_gmt":"2020-08-20T10:01:00","guid":{"rendered":"http:\/\/typologieanalytique.com\/?page_id=1253"},"modified":"2022-12-12T11:20:45","modified_gmt":"2022-12-12T10:20:45","slug":"acronymes-des-fonctions","status":"publish","type":"page","link":"https:\/\/typologieanalytique.com\/index.php\/acronymes-des-fonctions\/","title":{"rendered":"Les acronymes des fonctions"},"content":{"rendered":"\n<h2 class=\"has-text-align-center has-light-green-cyan-color has-text-color has-large-font-size wp-block-heading\" id=\"lexique-haut\">Les acronymes des fonctions<\/h2>\n\n\n\n<div style=\"height:20px\" aria-hidden=\"true\" class=\"wp-block-spacer\"><\/div>\n\n\n\n<p class=\"has-normal-font-size\">C\u2019est \u00e0 <a href=\"https:\/\/typologieanalytique.com\/index.php\/la-typologie-myersienne\/\" data-type=\"page\" data-id=\"610\">Katharine Cook Briggs et Isabelle Briggs Myers, les cr\u00e9atrices du MBTI\u00ae<\/a>, que nous devons les acronymes que nous utilisons en typologie analytique. La premi\u00e8re lettre en majuscule correspond \u00e0 la fonction, et la deuxi\u00e8me lettre en minuscule correspond \u00e0 l\u2019attitude de la fonction.<\/p>\n\n\n\n<p class=\"has-very-light-gray-background-color has-background\"><em>Exemple<\/em><strong> :<\/strong> La pens\u00e9e extravertie est cod\u00e9e Te : <br>T majuscule pour <em>Thinking<\/em> (pens\u00e9e)<br>et e minuscule pour<strong> <\/strong><em>Extraverted<\/em> (extraverti.e)<\/p>\n\n\n\n<figure class=\"wp-block-table\"><table><tbody><tr><td class=\"has-text-align-center\" data-align=\"center\"><strong>Pens\u00e9e extravertie<\/strong><\/td><td class=\"has-text-align-center\" data-align=\"center\"><strong>Te<\/strong><\/td><td class=\"has-text-align-center\" data-align=\"center\"><strong>e<\/strong>xtraverted <strong>T<\/strong>hinking<\/td><\/tr><tr><td class=\"has-text-align-center\" data-align=\"center\"><strong>Sentiment extraverti<\/strong><\/td><td class=\"has-text-align-center\" data-align=\"center\"><strong>Fe<\/strong><\/td><td class=\"has-text-align-center\" data-align=\"center\"><strong>e<\/strong>xtraverted <strong>F<\/strong>eeling<\/td><\/tr><tr><td class=\"has-text-align-center\" data-align=\"center\"><strong>Sensation extravertie<\/strong><\/td><td class=\"has-text-align-center\" data-align=\"center\"><strong><strong>Se<\/strong><\/strong><\/td><td class=\"has-text-align-center\" data-align=\"center\"><strong>e<\/strong>xtraverted <strong>S<\/strong>ensation<\/td><\/tr><tr><td class=\"has-text-align-center\" data-align=\"center\"><strong>Intuition extravertie<\/strong><\/td><td class=\"has-text-align-center\" data-align=\"center\"><strong>Ne<\/strong><\/td><td class=\"has-text-align-center\" data-align=\"center\"><strong>e<\/strong>xtraverted i<strong>N<\/strong>tuition<\/td><\/tr><tr><td class=\"has-text-align-center\" data-align=\"center\"><strong>Pens\u00e9e introvertie<\/strong><\/td><td class=\"has-text-align-center\" data-align=\"center\"><strong>Ti<\/strong><\/td><td class=\"has-text-align-center\" data-align=\"center\"><strong>i<\/strong>ntroverted <strong>T<\/strong>hinking<\/td><\/tr><tr><td class=\"has-text-align-center\" data-align=\"center\"><strong>Sentiment <\/strong> <strong>introverti<\/strong><\/td><td class=\"has-text-align-center\" data-align=\"center\"><strong>Fi<\/strong><\/td><td class=\"has-text-align-center\" data-align=\"center\"><strong>i<\/strong>ntroverted <strong>F<\/strong>eeling<\/td><\/tr><tr><td class=\"has-text-align-center\" data-align=\"center\"><strong>Sensation<\/strong> <strong>introvertie<\/strong><\/td><td class=\"has-text-align-center\" data-align=\"center\"><strong>Si<\/strong><\/td><td class=\"has-text-align-center\" data-align=\"center\"><strong>i<\/strong>ntroverted <strong>S<\/strong>ensation<\/td><\/tr><tr><td class=\"has-text-align-center\" data-align=\"center\"><strong>Intuition<\/strong> <strong>introvertie<\/strong><\/td><td class=\"has-text-align-center\" data-align=\"center\"><strong>Ni<\/strong><\/td><td class=\"has-text-align-center\" data-align=\"center\"><strong>i<\/strong>ntroverted i<strong>N<\/strong>tuition<\/td><\/tr><\/tbody><\/table><\/figure>\n","protected":false},"excerpt":{"rendered":"<p>Les acronymes des fonctions C\u2019est \u00e0 Katharine Cook Briggs et Isabelle Briggs Myers, les cr\u00e9atrices du MBTI\u00ae, que nous devons les acronymes que nous utilisons en typologie analytique. La premi\u00e8re lettre en majuscule correspond \u00e0 la fonction, et la deuxi\u00e8me lettre en minuscule correspond \u00e0 l\u2019attitude de la fonction. Exemple : La pens\u00e9e extravertie est &hellip;<\/p>\n<p class=\"read-more\"> <a class=\"\" href=\"https:\/\/typologieanalytique.com\/index.php\/acronymes-des-fonctions\/\"> <span class=\"screen-reader-text\">Les acronymes des fonctions<\/span> Lire la suite\u00a0\u00bb<\/a><\/p>\n","protected":false},"author":2,"featured_media":0,"parent":0,"menu_order":0,"comment_status":"closed","ping_status":"closed","template":"","meta":{"_uag_custom_page_level_css":"","site-sidebar-layout":"default","site-content-layout":"default","ast-global-header-display":"","ast-main-header-display":"","ast-hfb-above-header-display":"","ast-hfb-below-header-display":"","ast-hfb-mobile-header-display":"","site-post-title":"disabled","ast-breadcrumbs-content":"","ast-featured-img":"","footer-sml-layout":"","theme-transparent-header-meta":"default","adv-header-id-meta":"","stick-header-meta":"","header-above-stick-meta":"","header-main-stick-meta":"","header-below-stick-meta":"","footnotes":""},"acf":[],"featured_image_urls":{"full":"","thumbnail":"","medium":"","medium_large":"","large":"","1536x1536":"","2048x2048":""},"post_excerpt_stackable":"<p>Les acronymes des fonctions C\u2019est \u00e0 Katharine Cook Briggs et Isabelle Briggs Myers, les cr\u00e9atrices du MBTI\u00ae, que nous devons les acronymes que nous utilisons en typologie analytique. La premi\u00e8re lettre en majuscule correspond \u00e0 la fonction, et la deuxi\u00e8me lettre en minuscule correspond \u00e0 l\u2019attitude de la fonction. Exemple : La pens\u00e9e extravertie est cod\u00e9e Te : T majuscule pour Thinking (pens\u00e9e)et e minuscule pour Extraverted (extraverti.e) Pens\u00e9e extravertieTeextraverted ThinkingSentiment extravertiFeextraverted FeelingSensation extravertieSeextraverted SensationIntuition extravertieNeextraverted iNtuitionPens\u00e9e introvertieTiintroverted ThinkingSentiment introvertiFiintroverted FeelingSensation introvertieSiintroverted SensationIntuition introvertieNiintroverted iNtuition<\/p>\n","category_list":"","author_info":{"name":"agagnier","url":"https:\/\/typologieanalytique.com\/index.php\/author\/agagnier\/"},"comments_num":"0 commentaire","uagb_featured_image_src":{"full":false,"thumbnail":false,"medium":false,"medium_large":false,"large":false,"1536x1536":false,"2048x2048":false},"uagb_author_info":{"display_name":"agagnier","author_link":"https:\/\/typologieanalytique.com\/index.php\/author\/agagnier\/"},"uagb_comment_info":0,"uagb_excerpt":"Les acronymes des fonctions C\u2019est \u00e0 Katharine Cook Briggs et Isabelle Briggs Myers, les cr\u00e9atrices du MBTI\u00ae, que nous devons les acronymes que nous utilisons en typologie analytique. La premi\u00e8re lettre en majuscule correspond \u00e0 la fonction, et la deuxi\u00e8me lettre en minuscule correspond \u00e0 l\u2019attitude de la fonction. Exemple : La pens\u00e9e extravertie est\u2026","_links":{"self":[{"href":"https:\/\/typologieanalytique.com\/index.php\/wp-json\/wp\/v2\/pages\/1253"}],"collection":[{"href":"https:\/\/typologieanalytique.com\/index.php\/wp-json\/wp\/v2\/pages"}],"about":[{"href":"https:\/\/typologieanalytique.com\/index.php\/wp-json\/wp\/v2\/types\/page"}],"author":[{"embeddable":true,"href":"https:\/\/typologieanalytique.com\/index.php\/wp-json\/wp\/v2\/users\/2"}],"replies":[{"embeddable":true,"href":"https:\/\/typologieanalytique.com\/index.php\/wp-json\/wp\/v2\/comments?post=1253"}],"version-history":[{"count":17,"href":"https:\/\/typologieanalytique.com\/index.php\/wp-json\/wp\/v2\/pages\/1253\/revisions"}],"predecessor-version":[{"id":6883,"href":"https:\/\/typologieanalytique.com\/index.php\/wp-json\/wp\/v2\/pages\/1253\/revisions\/6883"}],"wp:attachment":[{"href":"https:\/\/typologieanalytique.com\/index.php\/wp-json\/wp\/v2\/media?parent=1253"}],"curies":[{"name":"wp","href":"https:\/\/api.w.org\/{rel}","templated":true}]}}