{"id":5958,"date":"2022-02-22T14:31:03","date_gmt":"2022-02-22T13:31:03","guid":{"rendered":"https:\/\/typologieanalytique.com\/?page_id=5958"},"modified":"2022-03-22T17:52:00","modified_gmt":"2022-03-22T16:52:00","slug":"les-fondateurs","status":"publish","type":"page","link":"https:\/\/typologieanalytique.com\/index.php\/les-fondateurs\/","title":{"rendered":"Les fondateurs"},"content":{"rendered":"\n<p class=\"has-text-align-center\" style=\"font-size:25px\">A. Gagnier<\/p>\n\n\n\n<div class=\"wp-block-columns is-layout-flex wp-container-3 wp-block-columns-is-layout-flex\">\n<div class=\"wp-block-column is-layout-flow wp-block-column-is-layout-flow\" style=\"flex-basis:33.33%\">\n<figure class=\"wp-block-image aligncenter size-full is-resized is-style-rounded\"><img decoding=\"async\" loading=\"lazy\" src=\"https:\/\/typologieanalytique.com\/wp-content\/uploads\/2022\/02\/A.-Gagnier3.jpg\" alt=\"\" class=\"wp-image-5968\" width=\"200\" height=\"200\" srcset=\"https:\/\/typologieanalytique.com\/wp-content\/uploads\/2022\/02\/A.-Gagnier3.jpg 300w, https:\/\/typologieanalytique.com\/wp-content\/uploads\/2022\/02\/A.-Gagnier3-100x100.jpg 100w, https:\/\/typologieanalytique.com\/wp-content\/uploads\/2022\/02\/A.-Gagnier3-150x150.jpg 150w\" sizes=\"(max-width: 200px) 100vw, 200px\" \/><\/figure>\n\n\n\n<div style=\"height:30px\" aria-hidden=\"true\" class=\"wp-block-spacer\"><\/div>\n<\/div>\n\n\n\n<div class=\"wp-block-column is-layout-flow wp-block-column-is-layout-flow\" style=\"flex-basis:66.66%\">\n<p>Typanalyste, co-fondatrice de Typologie Analytique et responsable de la recherche, elle est \u00e9duqu\u00e9e jeune \u00e0 la psychologie analytique par sa m\u00e8re, psychopraticienne. Elle se passionne pour la typologie jungienne en 2016 avec la d\u00e9couverte du MBTI\u00ae et de son profil INFJ (INF), et rejoint les groupes facebook MBTI\u00ae francophones auxquels elle contribue en tant que mod\u00e9ratrice et support pendant 2 ans.  En 2018, elle y rencontre F. Crescent avec qui elle se marie, \u00e9labore un projet de typologie libre et cr\u00e9e la typologie analytique en 2020. <\/p>\n<\/div>\n<\/div>\n\n\n\n<p class=\"has-text-align-center\" style=\"font-size:25px\">F. Crescent<\/p>\n\n\n\n<div class=\"wp-block-columns is-layout-flex wp-container-6 wp-block-columns-is-layout-flex\">\n<div class=\"wp-block-column is-layout-flow wp-block-column-is-layout-flow\" style=\"flex-basis:33.33%\">\n<figure class=\"wp-block-image aligncenter size-full is-resized is-style-rounded\"><img decoding=\"async\" loading=\"lazy\" src=\"https:\/\/typologieanalytique.com\/wp-content\/uploads\/2022\/02\/F.Crescent.jpg\" alt=\"\" class=\"wp-image-5963\" width=\"200\" height=\"200\" srcset=\"https:\/\/typologieanalytique.com\/wp-content\/uploads\/2022\/02\/F.Crescent.jpg 300w, https:\/\/typologieanalytique.com\/wp-content\/uploads\/2022\/02\/F.Crescent-100x100.jpg 100w, https:\/\/typologieanalytique.com\/wp-content\/uploads\/2022\/02\/F.Crescent-150x150.jpg 150w\" sizes=\"(max-width: 200px) 100vw, 200px\" \/><\/figure>\n\n\n\n<div style=\"height:30px\" aria-hidden=\"true\" class=\"wp-block-spacer\"><\/div>\n<\/div>\n\n\n\n<div class=\"wp-block-column is-layout-flow wp-block-column-is-layout-flow\" style=\"flex-basis:66.66%\">\n<p>Typanalyste, co-fondateur de Typologie Analytique et responsable de la communication, il d\u00e9couvre le MBTI\u00ae et son profil ENTP (ENT) en 2015 dans le cadre de ses \u00e9tudes en \u00e9cole de commerce. Apr\u00e8s avoir \u00e9t\u00e9 diagnostiqu\u00e9 haut potentiel (HPI) et rejoint la Mensa en juillet 2017, il explore sa neuroatypicit\u00e9 et \u00e9tudie les fonctions cognitives jungiennes en parall\u00e8le de sa formation de d\u00e9veloppeur informaticien <em>full-stack<\/em>. En 2020, il \u00e9pouse A. Gagnier, \u00e9labore avec elle un projet de typologie libre et cr\u00e9e la typologie analytique. <\/p>\n<\/div>\n<\/div>\n\n\n\n<div style=\"height:70px\" aria-hidden=\"true\" class=\"wp-block-spacer\"><\/div>\n\n\n\n<div class=\"wp-block-stackable-button-group stk-block-button-group stk-block stk-4843734\" data-block-id=\"4843734\"><div class=\"stk-row stk-inner-blocks has-text-align-center stk-block-content stk-button-group\">\n<div class=\"wp-block-stackable-button stk-block-button stk-block stk-a0a5247\" data-block-id=\"a0a5247\"><style>@media screen and (max-width:767px){.stk-a0a5247{margin-right:-5px !important}}.stk-a0a5247:hover{opacity:0.8 !important}.stk-a0a5247 .stk-button{padding-right:24px !important;padding-left:24px !important;background:#7bdcb5 !important}.stk-a0a5247 .stk-button{border-radius:20px !important;overflow:hidden !important}.stk-a0a5247 .stk-button .stk--inner-svg svg:last-child{height:25px !important;width:25px !important}.stk-a0a5247 .stk-button .stk--inner-svg svg:last-child,.stk-a0a5247 .stk-button .stk--inner-svg svg:last-child :is(g,path,rect,polygon,ellipse){fill:var(--ast-global-color-1) !important}.stk-a0a5247 .stk-button__inner-text{font-size:18px !important;color:#000000 !important;font-family:\"Lato\",Sans-serif !important}@media screen and (max-width:1023px){.stk-a0a5247 .stk-button__inner-text{font-size:18px !important}}<\/style><a class=\"stk-link stk-button stk--hover-effect-lift\" href=\"mailto: contact@typologieanalytique.com\"><span class=\"has-text-color has-black-color stk-button__inner-text\">Nous contacter<\/span><\/a><\/div>\n<\/div><\/div>\n","protected":false},"excerpt":{"rendered":"<p>A. Gagnier Typanalyste, co-fondatrice de Typologie Analytique et responsable de la recherche, elle est \u00e9duqu\u00e9e jeune \u00e0 la psychologie analytique par sa m\u00e8re, psychopraticienne. Elle se passionne pour la typologie jungienne en 2016 avec la d\u00e9couverte du MBTI\u00ae et de son profil INFJ (INF), et rejoint les groupes facebook MBTI\u00ae francophones auxquels elle contribue en &hellip;<\/p>\n<p class=\"read-more\"> <a class=\"\" href=\"https:\/\/typologieanalytique.com\/index.php\/les-fondateurs\/\"> <span class=\"screen-reader-text\">Les fondateurs<\/span> Lire la suite\u00a0\u00bb<\/a><\/p>\n","protected":false},"author":2,"featured_media":0,"parent":0,"menu_order":0,"comment_status":"closed","ping_status":"closed","template":"","meta":{"_uag_custom_page_level_css":"","site-sidebar-layout":"","site-content-layout":"","ast-global-header-display":"","ast-main-header-display":"","ast-hfb-above-header-display":"","ast-hfb-below-header-display":"","ast-hfb-mobile-header-display":"","site-post-title":"disabled","ast-breadcrumbs-content":"","ast-featured-img":"","footer-sml-layout":"","theme-transparent-header-meta":"","adv-header-id-meta":"","stick-header-meta":"","header-above-stick-meta":"","header-main-stick-meta":"","header-below-stick-meta":"","footnotes":""},"acf":[],"featured_image_urls":{"full":"","thumbnail":"","medium":"","medium_large":"","large":"","1536x1536":"","2048x2048":""},"post_excerpt_stackable":"<p>A. Gagnier Typanalyste, co-fondatrice de Typologie Analytique et responsable de la recherche, elle est \u00e9duqu\u00e9e jeune \u00e0 la psychologie analytique par sa m\u00e8re, psychopraticienne. Elle se passionne pour la typologie jungienne en 2016 avec la d\u00e9couverte du MBTI\u00ae et de son profil INFJ (INF), et rejoint les groupes facebook MBTI\u00ae francophones auxquels elle contribue en tant que mod\u00e9ratrice et support pendant 2 ans. En 2018, elle y rencontre F. Crescent avec qui elle se marie, \u00e9labore un projet de typologie libre et cr\u00e9e la typologie analytique en 2020. F. Crescent Typanalyste, co-fondateur de Typologie Analytique et responsable de la communication,\u2026<\/p>\n","category_list":"","author_info":{"name":"agagnier","url":"https:\/\/typologieanalytique.com\/index.php\/author\/agagnier\/"},"comments_num":"0 commentaire","uagb_featured_image_src":{"full":false,"thumbnail":false,"medium":false,"medium_large":false,"large":false,"1536x1536":false,"2048x2048":false},"uagb_author_info":{"display_name":"agagnier","author_link":"https:\/\/typologieanalytique.com\/index.php\/author\/agagnier\/"},"uagb_comment_info":0,"uagb_excerpt":"A. Gagnier Typanalyste, co-fondatrice de Typologie Analytique et responsable de la recherche, elle est \u00e9duqu\u00e9e jeune \u00e0 la psychologie analytique par sa m\u00e8re, psychopraticienne. Elle se passionne pour la typologie jungienne en 2016 avec la d\u00e9couverte du MBTI\u00ae et de son profil INFJ (INF), et rejoint les groupes facebook MBTI\u00ae francophones auxquels elle contribue en\u2026","_links":{"self":[{"href":"https:\/\/typologieanalytique.com\/index.php\/wp-json\/wp\/v2\/pages\/5958"}],"collection":[{"href":"https:\/\/typologieanalytique.com\/index.php\/wp-json\/wp\/v2\/pages"}],"about":[{"href":"https:\/\/typologieanalytique.com\/index.php\/wp-json\/wp\/v2\/types\/page"}],"author":[{"embeddable":true,"href":"https:\/\/typologieanalytique.com\/index.php\/wp-json\/wp\/v2\/users\/2"}],"replies":[{"embeddable":true,"href":"https:\/\/typologieanalytique.com\/index.php\/wp-json\/wp\/v2\/comments?post=5958"}],"version-history":[{"count":12,"href":"https:\/\/typologieanalytique.com\/index.php\/wp-json\/wp\/v2\/pages\/5958\/revisions"}],"predecessor-version":[{"id":6447,"href":"https:\/\/typologieanalytique.com\/index.php\/wp-json\/wp\/v2\/pages\/5958\/revisions\/6447"}],"wp:attachment":[{"href":"https:\/\/typologieanalytique.com\/index.php\/wp-json\/wp\/v2\/media?parent=5958"}],"curies":[{"name":"wp","href":"https:\/\/api.w.org\/{rel}","templated":true}]}}