{"id":863,"date":"2020-06-17T11:27:58","date_gmt":"2020-06-17T09:27:58","guid":{"rendered":"http:\/\/typologieanalytique.com\/?page_id=863"},"modified":"2022-02-02T09:16:09","modified_gmt":"2022-02-02T08:16:09","slug":"la-typologie-myersienne-2","status":"publish","type":"page","link":"https:\/\/typologieanalytique.com\/index.php\/la-typologie-myersienne-2\/","title":{"rendered":"La typologie myersienne"},"content":{"rendered":"\n<h2 class=\"has-text-align-center has-light-green-cyan-color has-text-color has-large-font-size wp-block-heading\" id=\"la-typologie-myersienne\">La typologie myersienne<\/h2>\n\n\n\n<div style=\"height:30px\" aria-hidden=\"true\" class=\"wp-block-spacer\"><\/div>\n\n\n\n<p class=\"has-normal-font-size\">On distingue la typologie myersienne de la typologie jungienne car les praticiens MBTI\u00ae typent via des pr\u00e9f\u00e9rences (N &#8211; S &#8211; F &#8211; T) et non plus via les fonctions jungiennes. <br><br>La typologie myersienne ajoute un axe Jugement &#8211; Perception (J &#8211; P) servant au praticien \u00e0 mettre en lumi\u00e8re la premi\u00e8re fonction extravertie de la personne, et clarifie les attitudes des fonctions auxiliaire et tertiaire &#8211; elles partagent l&rsquo;attitude de la fonction inf\u00e9rieure (1). <em>A noter : <\/em>certains praticiens MBTI\u00ae pr\u00e9f\u00e8rent la position de <a href=\"https:\/\/typologieanalytique.com\/index.php\/la-typologie-des-profondeurs\/\" data-type=\"page\" data-id=\"870\">la typologie des profondeurs<\/a> concernant l&rsquo;attitude de la fonction tertiaire &#8211; une attitude similaire \u00e0 celle de la fonction dominante.<br><br>Les seize types sont chacun cod\u00e9s par un acronyme \u00e0 quatre lettres, et sont divis\u00e9s en quatre temp\u00e9raments (NF &#8211; NT &#8211; SF &#8211; ST chez Isabelle Briggs Myers ; NF &#8211; NT &#8211; SJ &#8211; SP chez David Keirsey et Marilyn Bates). <\/p>\n\n\n\n<p class=\"has-small-font-size\"><span style=\"color: #222222;background-color: var(--ast-global-color-4)\" class=\"stk-highlight\">Sources <\/span><br>(1) <em><strong>MBTI\u00ae Manual<\/strong><\/em>, 1998, p.30<\/p>\n\n\n\n<div style=\"height:30px\" aria-hidden=\"true\" class=\"wp-block-spacer\"><\/div>\n\n\n\n<h5 class=\"has-text-color has-background has-text-align-center has-very-dark-gray-color has-light-green-cyan-background-color has-normal-font-size wp-block-heading\" id=\"CGJ-sommaire\">Les contributeurs<\/h5>\n\n\n\n<div style=\"height:30px\" aria-hidden=\"true\" class=\"wp-block-spacer\"><\/div>\n\n\n\n<p class=\"has-text-align-center\" style=\"font-size:16px\"><span style=\"color: #222222;background-color: var(--ast-global-color-4)\" class=\"stk-highlight\">Am\u00e9ricains<\/span><\/p>\n\n\n\n<p class=\"has-text-align-center\" style=\"font-size:16px\"><a href=\"https:\/\/fr.wikipedia.org\/wiki\/Myers_Briggs_Type_Indicator\">Myers &amp; Briggs \u2013 Le MBTI\u00ae<\/a><\/p>\n\n\n\n<p class=\"has-text-align-center\" style=\"font-size:16px\"><a href=\"https:\/\/fr.wikipedia.org\/wiki\/David_Keirsey\">Keirsey &amp; Bates<\/a><\/p>\n\n\n\n<p class=\"has-text-align-center\" style=\"font-size:16px\">Tieger &amp; Barron-Tieger<\/p>\n\n\n\n<p class=\"has-text-align-center\" style=\"font-size:16px\"><a href=\"https:\/\/personalityjunkie.com\/about-us\/\">A. J. Drenth<\/a><\/p>\n\n\n\n<div style=\"height:30px\" aria-hidden=\"true\" class=\"wp-block-spacer\"><\/div>\n\n\n\n<p class=\"has-text-align-center\" style=\"font-size:16px\"><span style=\"color: #222222;background-color: var(--ast-global-color-4)\" class=\"stk-highlight\">Fran\u00e7ais<\/span><\/p>\n\n\n\n<p class=\"has-text-align-center\" style=\"font-size:16px\"><a href=\"https:\/\/www.osiris-conseil.com\/wp-content\/uploads\/2021\/03\/OC-Manuel.pdf\">Cailloux &amp; Cauvin \u2013 Le CCTI\u00ae<\/a><\/p>\n\n\n\n<p><\/p>\n","protected":false},"excerpt":{"rendered":"<p>La typologie myersienne On distingue la typologie myersienne de la typologie jungienne car les praticiens MBTI\u00ae typent via des pr\u00e9f\u00e9rences (N &#8211; S &#8211; F &#8211; T) et non plus via les fonctions jungiennes. La typologie myersienne ajoute un axe Jugement &#8211; Perception (J &#8211; P) servant au praticien \u00e0 mettre en lumi\u00e8re la premi\u00e8re &hellip;<\/p>\n<p class=\"read-more\"> <a class=\"\" href=\"https:\/\/typologieanalytique.com\/index.php\/la-typologie-myersienne-2\/\"> <span class=\"screen-reader-text\">La typologie myersienne<\/span> Lire la suite\u00a0\u00bb<\/a><\/p>\n","protected":false},"author":2,"featured_media":0,"parent":0,"menu_order":0,"comment_status":"closed","ping_status":"closed","template":"","meta":{"_uag_custom_page_level_css":"","site-sidebar-layout":"default","site-content-layout":"default","ast-global-header-display":"","ast-main-header-display":"","ast-hfb-above-header-display":"","ast-hfb-below-header-display":"","ast-hfb-mobile-header-display":"","site-post-title":"disabled","ast-breadcrumbs-content":"","ast-featured-img":"","footer-sml-layout":"","theme-transparent-header-meta":"default","adv-header-id-meta":"","stick-header-meta":"","header-above-stick-meta":"","header-main-stick-meta":"","header-below-stick-meta":"","footnotes":""},"acf":[],"featured_image_urls":{"full":"","thumbnail":"","medium":"","medium_large":"","large":"","1536x1536":"","2048x2048":""},"post_excerpt_stackable":"<p>La typologie myersienne On distingue la typologie myersienne de la typologie jungienne car les praticiens MBTI\u00ae typent via des pr\u00e9f\u00e9rences (N &#8211; S &#8211; F &#8211; T) et non plus via les fonctions jungiennes. La typologie myersienne ajoute un axe Jugement &#8211; Perception (J &#8211; P) servant au praticien \u00e0 mettre en lumi\u00e8re la premi\u00e8re fonction extravertie de la personne, et clarifie les attitudes des fonctions auxiliaire et tertiaire &#8211; elles partagent l&rsquo;attitude de la fonction inf\u00e9rieure (1). A noter : certains praticiens MBTI\u00ae pr\u00e9f\u00e8rent la position de la typologie des profondeurs concernant l&rsquo;attitude de la fonction tertiaire &#8211; une\u2026<\/p>\n","category_list":"","author_info":{"name":"agagnier","url":"https:\/\/typologieanalytique.com\/index.php\/author\/agagnier\/"},"comments_num":"0 commentaire","uagb_featured_image_src":{"full":false,"thumbnail":false,"medium":false,"medium_large":false,"large":false,"1536x1536":false,"2048x2048":false},"uagb_author_info":{"display_name":"agagnier","author_link":"https:\/\/typologieanalytique.com\/index.php\/author\/agagnier\/"},"uagb_comment_info":0,"uagb_excerpt":"La typologie myersienne On distingue la typologie myersienne de la typologie jungienne car les praticiens MBTI\u00ae typent via des pr\u00e9f\u00e9rences (N &#8211; S &#8211; F &#8211; T) et non plus via les fonctions jungiennes. La typologie myersienne ajoute un axe Jugement &#8211; Perception (J &#8211; P) servant au praticien \u00e0 mettre en lumi\u00e8re la premi\u00e8re\u2026","_links":{"self":[{"href":"https:\/\/typologieanalytique.com\/index.php\/wp-json\/wp\/v2\/pages\/863"}],"collection":[{"href":"https:\/\/typologieanalytique.com\/index.php\/wp-json\/wp\/v2\/pages"}],"about":[{"href":"https:\/\/typologieanalytique.com\/index.php\/wp-json\/wp\/v2\/types\/page"}],"author":[{"embeddable":true,"href":"https:\/\/typologieanalytique.com\/index.php\/wp-json\/wp\/v2\/users\/2"}],"replies":[{"embeddable":true,"href":"https:\/\/typologieanalytique.com\/index.php\/wp-json\/wp\/v2\/comments?post=863"}],"version-history":[{"count":22,"href":"https:\/\/typologieanalytique.com\/index.php\/wp-json\/wp\/v2\/pages\/863\/revisions"}],"predecessor-version":[{"id":5863,"href":"https:\/\/typologieanalytique.com\/index.php\/wp-json\/wp\/v2\/pages\/863\/revisions\/5863"}],"wp:attachment":[{"href":"https:\/\/typologieanalytique.com\/index.php\/wp-json\/wp\/v2\/media?parent=863"}],"curies":[{"name":"wp","href":"https:\/\/api.w.org\/{rel}","templated":true}]}}