{"id":870,"date":"2020-06-17T11:31:42","date_gmt":"2020-06-17T09:31:42","guid":{"rendered":"http:\/\/typologieanalytique.com\/?page_id=870"},"modified":"2022-08-31T16:16:23","modified_gmt":"2022-08-31T14:16:23","slug":"la-typologie-des-profondeurs","status":"publish","type":"page","link":"https:\/\/typologieanalytique.com\/index.php\/la-typologie-des-profondeurs\/","title":{"rendered":"La typologie des profondeurs"},"content":{"rendered":"\n<h2 class=\"has-text-align-center has-light-green-cyan-color has-text-color has-large-font-size wp-block-heading\" id=\"la-typologie-des-profondeurs\">La typologie des profondeurs<\/h2>\n\n\n\n<div style=\"height:30px\" aria-hidden=\"true\" class=\"wp-block-spacer\"><\/div>\n\n\n\n<p class=\"has-normal-font-size\">On doit la typologie des profondeurs (<em>Depth typology<\/em>) aux analystes de l&rsquo;<a href=\"https:\/\/iaap.org\/\">IAAP<\/a> (<em>International Association for Analytical Psychology<\/em>) et notamment aux analystes Laura McGrew et Paul Watsky qui introduisent l&rsquo;id\u00e9e en 1983 que nous utilisons huit fonctions (et non quatre) et que quatre d&rsquo;entre elles sont <a href=\"https:\/\/typologieanalytique.com\/index.php\/lexique\/\" data-type=\"page\" data-id=\"1101\">\u00e9godystoniques<\/a> (1).<br><br>Les huit fonctions sont en outre chacune porteuse d&rsquo;un arch\u00e9type fixe selon l&rsquo;analyste John Beebe. En 1982 ce dernier publie avec son coll\u00e8gue Donald Sandner ses recherches sur les arch\u00e9types des fonctions <a href=\"https:\/\/typologieanalytique.com\/index.php\/lexique\/\" data-type=\"page\" data-id=\"1101\">\u00e9godystoniques<\/a> 5 et 8, et pr\u00e9sente les arch\u00e9types des quatre fonctions <a href=\"https:\/\/typologieanalytique.com\/index.php\/lexique\/\" data-type=\"page\" data-id=\"1101\">\u00e9gosyntoniques<\/a> \u00e0 une conf\u00e9rence en 1983. Il publie son mod\u00e8le complet \u00e0 huit fonctions et huit arch\u00e9types en 2004 (2). <br><br>Les typologues des profondeurs utilisent les acronymes \u00e0 quatre lettres et l&rsquo;axe J-P de la typologie myersienne, ils typent cependant de pr\u00e9f\u00e9rence via les fonctions et consid\u00e8rent, depuis les apports th\u00e9oriques des analystes John Beebe, W. Harold\u00a0Grant, Mary Magdala\u00a0Thompson et Thomas E.\u00a0Clarke en 1983, que la fonction tertiaire \u00e0 une attitude similaire \u00e0 la fonction dominante (3).<\/p>\n\n\n\n<p class=\"has-small-font-size\"><span style=\"color: #222222;background-color: var(--ast-global-color-4)\" class=\"stk-highlight\">Sources <\/span><br>(1) <em><strong>Energies and Patterns in Psychological Types<\/strong><\/em>, <a href=\"https:\/\/fr.wikipedia.org\/wiki\/John_Beebe\">John Beebe<\/a> [d\u0292\u0254n bibi] &#8211; professeur au <a href=\"http:\/\/www.sfjung.org\/\">C.G. Jung Institute de San Francisco<\/a>, 2017, p.38<br>(2)<em><strong>Projection and Personality Development via the Eight-Function Model<\/strong><\/em>, Carol Shumate, 2021, p.8<br>(3) <em><strong>MBTI\u00ae Manual<\/strong><\/em>, 1998, note 7 du chapitre 3, p. 387<\/p>\n\n\n\n<div style=\"height:30px\" aria-hidden=\"true\" class=\"wp-block-spacer\"><\/div>\n\n\n\n<h5 class=\"has-text-color has-background has-text-align-center has-very-dark-gray-color has-light-green-cyan-background-color has-normal-font-size wp-block-heading\" id=\"les-contributeurs\">Les contributeurs<\/h5>\n\n\n\n<div style=\"height:30px\" aria-hidden=\"true\" class=\"wp-block-spacer\"><\/div>\n\n\n\n<p class=\"has-text-align-center\" style=\"font-size:16px\"><span style=\"color: #222222;background-color: var(--ast-global-color-4)\" class=\"stk-highlight\">Les Analystes Jungiens<\/span><\/p>\n\n\n\n<p class=\"has-text-align-center\" style=\"font-size:16px\"><a href=\"https:\/\/jungchicago.org\/blog\/category\/podcast\/speakers\/beebe-john\/\" data-type=\"URL\" data-id=\"https:\/\/jungchicago.org\/blog\/category\/podcast\/speakers\/beebe-john\/\">John Beebe (ENT)<\/a><\/p>\n\n\n\n<p class=\"has-text-align-center\" style=\"font-size:16px\"><a href=\"https:\/\/www.personalitypathways.com\/thomson\/index.html\" data-type=\"URL\" data-id=\"https:\/\/www.personalitypathways.com\/thomson\/index.html\">Lenore Thomson<\/a><\/p>\n\n\n\n<p class=\"has-text-align-center\" style=\"font-size:16px\"><a href=\"https:\/\/www.donaldkalsched.com\/\">Donald Kalsched<\/a><\/p>\n\n\n\n<p class=\"has-text-align-center\" style=\"font-size:16px\"><a href=\"https:\/\/jungchicago.org\/store\/index.php?route=product\/manufacturer\/info&amp;manufacturer_id=21\">John Giannini<\/a><\/p>\n\n\n\n<p class=\"has-text-align-center\" style=\"font-size:16px\"><a href=\"https:\/\/jungchicago.org\/store\/index.php?route=product\/manufacturer\/info&amp;manufacturer_id=21\">Carol Shumate (ENF)<\/a><\/p>\n\n\n\n<p class=\"has-text-align-center\" style=\"font-size:16px\"><a href=\"https:\/\/jungchicago.org\/store\/index.php?route=product\/manufacturer\/info&amp;manufacturer_id=21\">Mark Hunziker (INT)<\/a><\/p>\n\n\n\n<p class=\"has-text-align-center\" style=\"font-size:16px\"><a href=\"https:\/\/typeindepth.org\/\"><em>Personality Type in Depth<\/em><\/a><br>[Revue fond\u00e9e par Carol Shumate et Mark Hunziker]<\/p>\n\n\n\n<div style=\"height:30px\" aria-hidden=\"true\" class=\"wp-block-spacer\"><\/div>\n\n\n\n<p class=\"has-text-align-center\" style=\"font-size:16px\"><span style=\"color: #222222;background-color: var(--ast-global-color-4)\" class=\"stk-highlight\">Les autres contributeurs<\/span><\/p>\n\n\n\n<p class=\"has-text-align-center\" style=\"font-size:16px\"><a href=\"https:\/\/www.type-resources.com\/about-us.html\" data-type=\"URL\" data-id=\"https:\/\/www.type-resources.com\/about-us.html\">Bob McAlpine (IST)<\/a> [Pr\u00e9sident de <em>Type Resources<\/em>]<\/p>\n\n\n\n<p class=\"has-text-align-center\" style=\"font-size:16px\"><a href=\"https:\/\/www.lindaberens.com\/about\/linda-berens\/\">Linda Berens<\/a> [Formatrice MBTI\u00ae]<\/p>\n\n\n\n<p class=\"has-text-align-center\" style=\"font-size:16px\"><a href=\"http:\/\/www.darionardi.com\/\">Dario Nardi (INT)<\/a> [El\u00e8ve de Linda Berens, chercheur en neurosciences]<\/p>\n","protected":false},"excerpt":{"rendered":"<p>La typologie des profondeurs On doit la typologie des profondeurs (Depth typology) aux analystes de l&rsquo;IAAP (International Association for Analytical Psychology) et notamment aux analystes Laura McGrew et Paul Watsky qui introduisent l&rsquo;id\u00e9e en 1983 que nous utilisons huit fonctions (et non quatre) et que quatre d&rsquo;entre elles sont \u00e9godystoniques (1). Les huit fonctions sont &hellip;<\/p>\n<p class=\"read-more\"> <a class=\"\" href=\"https:\/\/typologieanalytique.com\/index.php\/la-typologie-des-profondeurs\/\"> <span class=\"screen-reader-text\">La typologie des profondeurs<\/span> Lire la suite\u00a0\u00bb<\/a><\/p>\n","protected":false},"author":2,"featured_media":0,"parent":0,"menu_order":0,"comment_status":"closed","ping_status":"closed","template":"","meta":{"_uag_custom_page_level_css":"","site-sidebar-layout":"default","site-content-layout":"default","ast-global-header-display":"","ast-main-header-display":"","ast-hfb-above-header-display":"","ast-hfb-below-header-display":"","ast-hfb-mobile-header-display":"","site-post-title":"disabled","ast-breadcrumbs-content":"","ast-featured-img":"","footer-sml-layout":"","theme-transparent-header-meta":"default","adv-header-id-meta":"","stick-header-meta":"","header-above-stick-meta":"","header-main-stick-meta":"","header-below-stick-meta":"","footnotes":""},"acf":[],"featured_image_urls":{"full":"","thumbnail":"","medium":"","medium_large":"","large":"","1536x1536":"","2048x2048":""},"post_excerpt_stackable":"<p>La typologie des profondeurs On doit la typologie des profondeurs (Depth typology) aux analystes de l&rsquo;IAAP (International Association for Analytical Psychology) et notamment aux analystes Laura McGrew et Paul Watsky qui introduisent l&rsquo;id\u00e9e en 1983 que nous utilisons huit fonctions (et non quatre) et que quatre d&rsquo;entre elles sont \u00e9godystoniques (1).Les huit fonctions sont en outre chacune porteuse d&rsquo;un arch\u00e9type fixe selon l&rsquo;analyste John Beebe. En 1982 ce dernier publie avec son coll\u00e8gue Donald Sandner ses recherches sur les arch\u00e9types des fonctions \u00e9godystoniques 5 et 8, et pr\u00e9sente les arch\u00e9types des quatre fonctions \u00e9gosyntoniques \u00e0 une conf\u00e9rence en 1983. Il\u2026<\/p>\n","category_list":"","author_info":{"name":"agagnier","url":"https:\/\/typologieanalytique.com\/index.php\/author\/agagnier\/"},"comments_num":"0 commentaire","uagb_featured_image_src":{"full":false,"thumbnail":false,"medium":false,"medium_large":false,"large":false,"1536x1536":false,"2048x2048":false},"uagb_author_info":{"display_name":"agagnier","author_link":"https:\/\/typologieanalytique.com\/index.php\/author\/agagnier\/"},"uagb_comment_info":0,"uagb_excerpt":"La typologie des profondeurs On doit la typologie des profondeurs (Depth typology) aux analystes de l&rsquo;IAAP (International Association for Analytical Psychology) et notamment aux analystes Laura McGrew et Paul Watsky qui introduisent l&rsquo;id\u00e9e en 1983 que nous utilisons huit fonctions (et non quatre) et que quatre d&rsquo;entre elles sont \u00e9godystoniques (1). Les huit fonctions sont\u2026","_links":{"self":[{"href":"https:\/\/typologieanalytique.com\/index.php\/wp-json\/wp\/v2\/pages\/870"}],"collection":[{"href":"https:\/\/typologieanalytique.com\/index.php\/wp-json\/wp\/v2\/pages"}],"about":[{"href":"https:\/\/typologieanalytique.com\/index.php\/wp-json\/wp\/v2\/types\/page"}],"author":[{"embeddable":true,"href":"https:\/\/typologieanalytique.com\/index.php\/wp-json\/wp\/v2\/users\/2"}],"replies":[{"embeddable":true,"href":"https:\/\/typologieanalytique.com\/index.php\/wp-json\/wp\/v2\/comments?post=870"}],"version-history":[{"count":39,"href":"https:\/\/typologieanalytique.com\/index.php\/wp-json\/wp\/v2\/pages\/870\/revisions"}],"predecessor-version":[{"id":6346,"href":"https:\/\/typologieanalytique.com\/index.php\/wp-json\/wp\/v2\/pages\/870\/revisions\/6346"}],"wp:attachment":[{"href":"https:\/\/typologieanalytique.com\/index.php\/wp-json\/wp\/v2\/media?parent=870"}],"curies":[{"name":"wp","href":"https:\/\/api.w.org\/{rel}","templated":true}]}}